{"id":491,"date":"2026-03-02T14:19:27","date_gmt":"2026-03-02T21:19:27","guid":{"rendered":"https:\/\/arizonafamilyclinics.com\/?page_id=491"},"modified":"2026-03-02T14:20:29","modified_gmt":"2026-03-02T21:20:29","slug":"locations-2","status":"publish","type":"page","link":"https:\/\/arizonafamilyclinics.com\/es\/locations-2\/","title":{"rendered":"Location"},"content":{"rendered":"<div class=\"wp-block-group locations-page has-global-padding is-layout-constrained wp-block-group-is-layout-constrained\">\n<div class=\"wp-block-group alignfull locations-page has-global-padding is-layout-constrained wp-block-group-is-layout-constrained\">\n<h2 class=\"wp-block-heading has-text-align-center locations-title\">Atendiendo a Phoenix con dos ubicaciones convenientes<\/h2>\n\n\n\n<p class=\"has-text-align-center wp-block-paragraph\">Arizona Family Clinics se enorgullece de atender a las familias de Phoenix con dos oficinas accesibles. Cada ubicaci\u00f3n est\u00e1 dise\u00f1ada para ofrecer una atenci\u00f3n compasiva y centrada en el paciente, en un ambiente acogedor, con proveedores que se toman el tiempo para escuchar y apoyar la salud de su familia.<\/p>\n<\/div>\n\n\n\n<div class=\"wp-block-columns is-layout-flex wp-container-core-columns-is-layout-3a88641f wp-block-columns-is-layout-flex\">\n<div class=\"wp-block-column is-layout-flow wp-block-column-is-layout-flow\">\n<h3 class=\"wp-block-heading has-text-align-center locations-header\"><strong>Bethany Home Rd<\/strong><\/h3>\n\n\n\n<div class=\"wp-block-group locations-details has-global-padding is-layout-constrained wp-block-group-is-layout-constrained\">\n<p class=\"has-text-align-left wp-block-paragraph\">\ud83d\udccd <strong>Address:<\/strong> 727 E Bethany Home Rd,  <br>                      Suite D118, <br>                      Phoenix, AZ 85014<\/p>\n\n\n\n<p class=\"has-text-align-left wp-block-paragraph\">\u23f0 <strong>Hours:<\/strong> Mon\u2013Thurs: 9:00 AM \u2013 5:00 PM<br>                  Fri\u2013Sun: 9:00 AM \u2013 12:00 PM <br>                  Hours may vary <\/p>\n\n\n\n<p class=\"has-text-align-left wp-block-paragraph\">\ud83d\udcde <strong>Phone:<\/strong> (602) 279\u20112400<br>\ud83d\udce0 <strong>Fax:<\/strong> (602) 824\u20119451<\/p>\n<\/div>\n\n\n\n<div class=\"wp-block-buttons is-layout-flex wp-block-buttons-is-layout-flex\">\n<div class=\"wp-block-button\"><a class=\"wp-block-button__link wp-element-button\" href=\"https:\/\/www.google.com\/maps\/search\/?api=1&amp;query=727+E+Bethany+Home+Rd,+STE+D118,+Phoenix,+AZ+85014\">Open in Google Maps<\/a><\/div>\n\n\n\n<div class=\"wp-block-button\"><a class=\"wp-block-button__link wp-element-button\" href=\"https:\/\/share.google\/yaIo9ZuJSf9DUWic0\">\u2b50 Leave a Review<\/a><\/div>\n<\/div>\n\n\n\n<iframe src=\"https:\/\/www.google.com\/maps\/embed?pb=!1m18!1m12!1m3!1d3328.578842559737!2d-112.06374318426006!3d33.52351269145726!2m3!1f0!2f0!3f0!3m2!1i1024!2i768!4f13.1!3m3!1m2!1s0x872b6b0b7a3c0f3f%3A0x3991b6f28e3638b4!2s727%20E%20Bethany%20Home%20Rd%2C%20Phoenix%2C%20AZ%2085014!5e0!3m2!1sen!2sus!4v1700000000000\" width=\"100%\" height=\"300\" style=\"border:0;\" allowfullscreen=\"\" loading=\"lazy\"><\/iframe>\n<\/div>\n\n\n\n<div class=\"wp-block-column is-layout-flow wp-block-column-is-layout-flow\">\n<h3 class=\"wp-block-heading has-text-align-center locations-header\"><strong>24th St<\/strong><\/h3>\n\n\n\n<div class=\"wp-block-group locations-details has-global-padding is-layout-constrained wp-block-group-is-layout-constrained\">\n<p class=\"has-text-align-left wp-block-paragraph\">\ud83d\udccd <strong>Address:<\/strong> 1310 N 24th St, <br>                      Suite 150, <br>                      Phoenix, AZ 85008<\/p>\n\n\n\n<p class=\"has-text-align-left wp-block-paragraph\">\u23f0 <strong>Hours:<\/strong> Mon\u2013Thurs: 9:00 AM \u2013 5:00 PM<br>                  Friday: 9:00 AM \u2013 12:00 PM<br>                  Hours may vary<\/p>\n\n\n\n<p class=\"has-text-align-left wp-block-paragraph\">\ud83d\udcde <strong>Phone:<\/strong> (602) 254\u20110200<br>\ud83d\udce0 <strong>Fax:<\/strong> (888) 240\u20114932<\/p>\n<\/div>\n\n\n\n<div class=\"wp-block-buttons is-layout-flex wp-block-buttons-is-layout-flex\">\n<div class=\"wp-block-button\"><a class=\"wp-block-button__link wp-element-button\" href=\"https:\/\/www.google.com\/maps\/search\/?api=1&amp;query=1310+N+24th+St,+Suite+150,+Phoenix,+AZ+85008\">Open in Google Maps<\/a><\/div>\n\n\n\n<div class=\"wp-block-button\"><a class=\"wp-block-button__link wp-element-button\" href=\"https:\/\/share.google\/ZxiKogmZ5R0pXxFbC\">\u2b50 Leave a Review<\/a><\/div>\n<\/div>\n\n\n\n<iframe\n  src=\"https:\/\/www.google.com\/maps\/embed?pb=!1m18!1m12!1m3!1d3329.4123854207223!2d-112.0304873!3d33.4666512!2m3!1f0!2f0!3f0!3m2!1i1024!2i768!4f13.1!3m3!1m2!1s0x872b0f0e7c0f0f0f%3A0x54b8d9d550eaf99a!2s1310%20N%2024th%20St%20%23150%2C%20Phoenix%2C%20AZ%2085008!5e0!3m2!1sen!2sus!4v1700000000001\"\n  width=\"100%\"\n  height=\"300\"\n  style=\"border:0; border-radius:12px;\"\n  allowfullscreen=\"\"\n  loading=\"lazy\"\n  referrerpolicy=\"no-referrer-when-downgrade\">\n<\/iframe>\n<\/div>\n<\/div>\n<\/div>\n\n\n\n<p class=\"wp-block-paragraph\"><\/p>\n\n\n\n<p class=\"wp-block-paragraph\"><\/p>","protected":false},"excerpt":{"rendered":"<p>Serving Phoenix with Two Convenient Locations Arizona Family Clinics is proud to care for families across Phoenix with two accessible offices. Each location is designed to offer compassionate, patient\u2011centered care in a welcoming environment, with providers who take the time to listen and support your family\u2019s health. Bethany Home Rd \ud83d\udccd Address: 727 E Bethany [&hellip;]<\/p>\n","protected":false},"author":195017439,"featured_media":0,"parent":0,"menu_order":0,"comment_status":"closed","ping_status":"closed","template":"page-no-title","meta":{"_crdt_document":"","advanced_seo_description":"","jetpack_seo_html_title":"","jetpack_seo_noindex":false,"footnotes":""},"class_list":["post-491","page","type-page","status-publish","hentry"],"jetpack_likes_enabled":true,"jetpack_sharing_enabled":true,"jetpack_shortlink":"https:\/\/wp.me\/Ph51Yx-7V","jetpack-related-posts":[{"id":118,"url":"https:\/\/arizonafamilyclinics.com\/es\/","url_meta":{"origin":491,"position":0},"title":"Main","author":"Arizona Family Clinics","date":"febrero 9, 2026","format":false,"excerpt":"\u201cPrimary care for families across Arizona. Same\u2011day appointments, compassionate providers, and convenient locations.\u201d","rel":"","context":"Entrada similar ","block_context":{"text":"Entrada similar ","link":""},"img":{"alt_text":"","src":"https:\/\/i0.wp.com\/arizonafamilyclinics.com\/wp-content\/uploads\/2026\/02\/WhatsApp-Image-2026-02-02-at-6.02.16-PM-1.jpeg?fit=435%2C424&ssl=1&resize=350%2C200","width":350,"height":200},"classes":[]}],"_links":{"self":[{"href":"https:\/\/arizonafamilyclinics.com\/es\/wp-json\/wp\/v2\/pages\/491","targetHints":{"allow":["GET"]}}],"collection":[{"href":"https:\/\/arizonafamilyclinics.com\/es\/wp-json\/wp\/v2\/pages"}],"about":[{"href":"https:\/\/arizonafamilyclinics.com\/es\/wp-json\/wp\/v2\/types\/page"}],"author":[{"embeddable":true,"href":"https:\/\/arizonafamilyclinics.com\/es\/wp-json\/wp\/v2\/users\/195017439"}],"replies":[{"embeddable":true,"href":"https:\/\/arizonafamilyclinics.com\/es\/wp-json\/wp\/v2\/comments?post=491"}],"version-history":[{"count":36,"href":"https:\/\/arizonafamilyclinics.com\/es\/wp-json\/wp\/v2\/pages\/491\/revisions"}],"predecessor-version":[{"id":537,"href":"https:\/\/arizonafamilyclinics.com\/es\/wp-json\/wp\/v2\/pages\/491\/revisions\/537"}],"wp:attachment":[{"href":"https:\/\/arizonafamilyclinics.com\/es\/wp-json\/wp\/v2\/media?parent=491"}],"curies":[{"name":"wp","href":"https:\/\/api.w.org\/{rel}","templated":true}]}}